{"id":730,"date":"2021-11-01T23:01:07","date_gmt":"2021-11-02T02:01:07","guid":{"rendered":"https:\/\/suntransportationservice.com\/?page_id=730"},"modified":"2022-08-23T22:52:03","modified_gmt":"2022-08-24T01:52:03","slug":"our-work","status":"publish","type":"page","link":"https:\/\/suntransportationservice.com\/pt_br\/our-work\/","title":{"rendered":"Nosso Trabalho"},"content":{"rendered":"<div data-elementor-type=\"wp-page\" data-elementor-id=\"730\" class=\"elementor elementor-730\">\n\t\t\t\t\t\t\t\t\t<section class=\"elementor-section elementor-top-section elementor-element elementor-element-45f0315 elementor-section-full_width elementor-section-content-middle elementor-section-height-default elementor-section-height-default\" data-id=\"45f0315\" data-element_type=\"section\">\n\t\t\t\t\t\t<div class=\"elementor-container elementor-column-gap-wide\">\n\t\t\t\t\t<div class=\"elementor-column elementor-col-100 elementor-top-column elementor-element elementor-element-ae46ad4\" data-id=\"ae46ad4\" data-element_type=\"column\">\n\t\t\t<div class=\"elementor-widget-wrap elementor-element-populated\">\n\t\t\t\t\t\t\t\t<div class=\"elementor-element elementor-element-5ad63cb elementor-widget elementor-widget-text-editor\" data-id=\"5ad63cb\" data-element_type=\"widget\" data-widget_type=\"text-editor.default\">\n\t\t\t\t<div class=\"elementor-widget-container\">\n\t\t\t<style>\/*! elementor - v3.7.4 - 31-08-2022 *\/\n.elementor-widget-text-editor.elementor-drop-cap-view-stacked .elementor-drop-cap{background-color:#818a91;color:#fff}.elementor-widget-text-editor.elementor-drop-cap-view-framed .elementor-drop-cap{color:#818a91;border:3px solid;background-color:transparent}.elementor-widget-text-editor:not(.elementor-drop-cap-view-default) .elementor-drop-cap{margin-top:8px}.elementor-widget-text-editor:not(.elementor-drop-cap-view-default) .elementor-drop-cap-letter{width:1em;height:1em}.elementor-widget-text-editor .elementor-drop-cap{float:left;text-align:center;line-height:1;font-size:50px}.elementor-widget-text-editor .elementor-drop-cap-letter{display:inline-block}<\/style>\t\t\t\t<p>O Servi\u00e7o de Transporte da Sun fornece servi\u00e7os de transporte para grandes eventos esportivos internacionais, incluindo Jogos Ol\u00edmpicos, Copa do Mundo FIFA das Olimp\u00edadas de Inverno, SuperBowl, Copa Am\u00e9rica de Ouro e F\u00f3rmula 1. Somos especializados em aten\u00e7\u00e3o aos detalhes, conforto e efici\u00eancia.<\/p>\n<p>Nossos projetos anteriores e atuais demonstram anos de experi\u00eancia com empresas de m\u00eddia, emissoras, corpora\u00e7\u00f5es globais e parceiros mundiais. Nada \u00e9 demais para nossa equipe de motoristas e funcion\u00e1rios experientes, que diariamente prestam servi\u00e7os de alta qualidade e se adaptam \u00e0s mudan\u00e7as no ritmo dos ambientes de eventos.<\/p>\t\t\t\t\t\t<\/div>\n\t\t\t\t<\/div>\n\t\t\t\t<div class=\"elementor-element elementor-element-68e84f0 elementor-button-warning elementor-align-center elementor-widget elementor-widget-button\" data-id=\"68e84f0\" data-element_type=\"widget\" data-widget_type=\"button.default\">\n\t\t\t\t<div class=\"elementor-widget-container\">\n\t\t\t\t\t<div class=\"elementor-button-wrapper\">\n\t\t\t<a href=\"https:\/\/book.mylimobiz.com\/v4\/suntransport\" class=\"elementor-button-link elementor-button elementor-size-lg\" role=\"button\">\n\t\t\t\t\t\t<span class=\"elementor-button-content-wrapper\">\n\t\t\t\t\t\t<span class=\"elementor-button-text\">FA\u00c7A SUA RESERVA<\/span>\n\t\t<\/span>\n\t\t\t\t\t<\/a>\n\t\t<\/div>\n\t\t\t\t<\/div>\n\t\t\t\t<\/div>\n\t\t\t\t\t<\/div>\n\t\t<\/div>\n\t\t\t\t\t\t\t<\/div>\n\t\t<\/section>\n\t\t\t\t\t\t\t<\/div>","protected":false},"excerpt":{"rendered":"<p>Sun Transportation Service provides transportation services for major international sports events, including the Olympic Games, Winter Olimpics FIFA World Cup, SuperBowl, Gold Cup Copa America and<span class=\"excerpt-hellip\"> [\u2026]<\/span><\/p>","protected":false},"author":1,"featured_media":0,"parent":0,"menu_order":0,"comment_status":"closed","ping_status":"closed","template":"","meta":{"_monsterinsights_skip_tracking":false,"_monsterinsights_sitenote_active":false,"_monsterinsights_sitenote_note":"","_monsterinsights_sitenote_category":0,"_joinchat":[]},"_links":{"self":[{"href":"https:\/\/suntransportationservice.com\/pt_br\/wp-json\/wp\/v2\/pages\/730"}],"collection":[{"href":"https:\/\/suntransportationservice.com\/pt_br\/wp-json\/wp\/v2\/pages"}],"about":[{"href":"https:\/\/suntransportationservice.com\/pt_br\/wp-json\/wp\/v2\/types\/page"}],"author":[{"embeddable":true,"href":"https:\/\/suntransportationservice.com\/pt_br\/wp-json\/wp\/v2\/users\/1"}],"replies":[{"embeddable":true,"href":"https:\/\/suntransportationservice.com\/pt_br\/wp-json\/wp\/v2\/comments?post=730"}],"version-history":[{"count":34,"href":"https:\/\/suntransportationservice.com\/pt_br\/wp-json\/wp\/v2\/pages\/730\/revisions"}],"predecessor-version":[{"id":894,"href":"https:\/\/suntransportationservice.com\/pt_br\/wp-json\/wp\/v2\/pages\/730\/revisions\/894"}],"wp:attachment":[{"href":"https:\/\/suntransportationservice.com\/pt_br\/wp-json\/wp\/v2\/media?parent=730"}],"curies":[{"name":"wp","href":"https:\/\/api.w.org\/{rel}","templated":true}]}}