{"id":273,"date":"2021-08-17T10:44:31","date_gmt":"2021-08-17T13:44:31","guid":{"rendered":"http:\/\/site.suntransportationservice.com\/?page_id=273"},"modified":"2023-08-23T17:05:12","modified_gmt":"2023-08-23T20:05:12","slug":"events","status":"publish","type":"page","link":"https:\/\/suntransportationservice.com\/pt_br\/events\/","title":{"rendered":"Eventos"},"content":{"rendered":"<h3 style=\"color: #EAA63E;\">Conectando voc\u00ea aos maiores e melhores eventos do mundo.<\/h3>\n<p>Sua experi\u00eancia come\u00e7a agora, clique abaixo e escolha seu evento e n\u00f3s levamos voc\u00ea.<\/p>\n<style>\/*! elementor-pro - v3.7.3 - 31-07-2022 *\/<br \/>\n.elementor-slides .swiper-slide-bg{background-size:cover;background-position:50%;background-repeat:no-repeat;min-width:100%;min-height:100%}.elementor-slides .swiper-slide-inner{background-repeat:no-repeat;background-position:50%;position:absolute;top:0;left:0;bottom:0;right:0;padding:50px;margin:auto}.elementor-slides .swiper-slide-inner,.elementor-slides .swiper-slide-inner:hover{color:#fff;display:-webkit-box;display:-ms-flexbox;display:flex}.elementor-slides .swiper-slide-inner .elementor-background-overlay{position:absolute;z-index:0;top:0;bottom:0;left:0;right:0}.elementor-slides .swiper-slide-inner .elementor-slide-content{position:relative;z-index:1;width:100%}.elementor-slides .swiper-slide-inner .elementor-slide-heading{font-size:35px;font-weight:700;line-height:1}.elementor-slides .swiper-slide-inner .elementor-slide-description{font-size:17px;line-height:1.4}.elementor-slides .swiper-slide-inner .elementor-slide-description:not(:last-child),.elementor-slides .swiper-slide-inner .elementor-slide-heading:not(:last-child){margin-bottom:30px}.elementor-slides .swiper-slide-inner .elementor-slide-button{border:2px solid #fff;color:#fff;background:transparent;display:inline-block}.elementor-slides .swiper-slide-inner .elementor-slide-button,.elementor-slides .swiper-slide-inner .elementor-slide-button:hover{background:transparent;color:inherit;text-decoration:none}.elementor--v-position-top .swiper-slide-inner{-webkit-box-align:start;-ms-flex-align:start;align-items:flex-start}.elementor--v-position-bottom .swiper-slide-inner{-webkit-box-align:end;-ms-flex-align:end;align-items:flex-end}.elementor--v-position-middle .swiper-slide-inner{-webkit-box-align:center;-ms-flex-align:center;align-items:center}.elementor--h-position-left .swiper-slide-inner{-webkit-box-pack:start;-ms-flex-pack:start;justify-content:flex-start}.elementor--h-position-right .swiper-slide-inner{-webkit-box-pack:end;-ms-flex-pack:end;justify-content:flex-end}.elementor--h-position-center .swiper-slide-inner{-webkit-box-pack:center;-ms-flex-pack:center;justify-content:center}body.rtl .elementor-widget-slides .elementor-swiper-button-next{left:10px;right:auto}body.rtl .elementor-widget-slides .elementor-swiper-button-prev{right:10px;left:auto}.elementor-slides-wrapper div:not(.swiper-slide)>.swiper-slide-inner{display:none}@media (max-width:767px){.elementor-slides .swiper-slide-inner{padding:30px}.elementor-slides .swiper-slide-inner .elementor-slide-heading{font-size:23px;line-height:1;margin-bottom:15px}.elementor-slides .swiper-slide-inner .elementor-slide-description{font-size:13px;line-height:1.4;margin-bottom:15px}}<\/style>\n<p>\t\t\t\t\t\t\t\t\t\t\t\t\t\tPrevious<br \/>\nNext<\/p>","protected":false},"excerpt":{"rendered":"<p>Connecting you to the biggest and best events in the world. Your experience starts now, click below and choose your event and we&#8217;ll take you. Previous<span class=\"excerpt-hellip\"> [\u2026]<\/span><\/p>","protected":false},"author":1,"featured_media":0,"parent":0,"menu_order":0,"comment_status":"closed","ping_status":"closed","template":"","meta":{"_monsterinsights_skip_tracking":false,"_monsterinsights_sitenote_active":false,"_monsterinsights_sitenote_note":"","_monsterinsights_sitenote_category":0,"_joinchat":[]},"_links":{"self":[{"href":"https:\/\/suntransportationservice.com\/pt_br\/wp-json\/wp\/v2\/pages\/273"}],"collection":[{"href":"https:\/\/suntransportationservice.com\/pt_br\/wp-json\/wp\/v2\/pages"}],"about":[{"href":"https:\/\/suntransportationservice.com\/pt_br\/wp-json\/wp\/v2\/types\/page"}],"author":[{"embeddable":true,"href":"https:\/\/suntransportationservice.com\/pt_br\/wp-json\/wp\/v2\/users\/1"}],"replies":[{"embeddable":true,"href":"https:\/\/suntransportationservice.com\/pt_br\/wp-json\/wp\/v2\/comments?post=273"}],"version-history":[{"count":87,"href":"https:\/\/suntransportationservice.com\/pt_br\/wp-json\/wp\/v2\/pages\/273\/revisions"}],"predecessor-version":[{"id":953,"href":"https:\/\/suntransportationservice.com\/pt_br\/wp-json\/wp\/v2\/pages\/273\/revisions\/953"}],"wp:attachment":[{"href":"https:\/\/suntransportationservice.com\/pt_br\/wp-json\/wp\/v2\/media?parent=273"}],"curies":[{"name":"wp","href":"https:\/\/api.w.org\/{rel}","templated":true}]}}